{"id":60,"date":"2022-06-27T13:53:35","date_gmt":"2022-06-27T13:53:35","guid":{"rendered":"https:\/\/blog.yoopies.it\/cosa-e-pet-sitter\/"},"modified":"2025-06-12T08:41:03","modified_gmt":"2025-06-12T08:41:03","slug":"cosa-e-pet-sitter","status":"publish","type":"page","link":"https:\/\/yoopies.it\/c\/cosa-e-pet-sitter\/","title":{"rendered":"Pet sitter: la guida definitiva"},"content":{"rendered":"<p><a class=\"button\" href=\"https:\/\/yoopies.fr\/c\/come-diventare-pet-sitter\">Cerchi lavoro come Pet sitter? Non perderti la nostra guida pensata per aiutarti a trovare il tuo prossimo lavoro su Yoopies! <\/a><\/p>\n<p><p class=\"block-img\"><img decoding=\"async\" src=\"https:\/\/blog.yoopies.it\/wp-content\/uploads\/sites\/3\/2022\/06\/0132054c-10bf-44db-aad7-f1550da745ef_PRISMICARTICLESGRAPHICS28229.jpg\" alt=\"\"><\/p>\n<p>L&#8217;idea pi&ugrave; comune che si ha sul pet sitting &egrave; quella di una persona che si occupa di portare il nostro cane fuori per una passeggiata, ma un pet sitter pu&ograve; svolgere diverse mansioni! Assumere un pet sitter rende la tua vita pi&ugrave; facile e allo stesso tempo migliora la qualit&agrave; della vita del tuo animale domestico. Potresti chiederti se un pet sitter sia la scelta giusta prima di affidargli il tuo animale, quindi abbiamo preparato questa guida per aiutarti a trovare la soluzione migliore, con tutte le informazioni necessarie per procedere e trovare il tuo pet sitter.  \n<\/p>\n<h2>\n<strong>Indice<\/strong><\/h2>\n<ul>\n<li><a href=\"https:\/\/#h2-2\">Cosa fa un pet sitter?<\/a><\/li>\n<li><a href=\"https:\/\/#h2-3\">Perch&eacute; avere un pet sitter?<\/a><\/li>\n<li><a href=\"https:\/\/#h2-4\">Tipi di pet sitter<\/a><\/li>\n<li><a href=\"https:\/\/#h2-5\">Prezzo di un pet sitter<\/a><\/li>\n<li><a href=\"https:\/\/#h2-6\">Come trovare un pet sitter?<\/a><\/li>\n<li><a href=\"https:\/\/#h2-7\">Consigli per trovare un pet sitter<\/a><\/li>\n<\/ul>\n<p><h2><strong>Cosa fa un pet sitter? <\/strong><\/h2>\n<\/p>\n<p>La vita quotidiana di un pet sitter varia e dipende dal numero di animali domestici di cui deve prendersi cura. Un pet sitter pu&ograve; lavorare a casa sua o a casa tua in base alle tue esigenze, oppure anche in un&#8217;altra determinata location. Ecco alcuni compiti tipici di un pet sitter, di cui potresti aver bisogno: <\/p>\n<ul>\n<li>Passeggiate<\/li>\n<li>Allenamento<\/li>\n<li>Compagnia e gioco<\/li>\n<li>Pasti<\/li>\n<li>Pulizia della cuccia, gabbia, ecc. <\/li>\n<li>Custodia notturna<\/li>\n<li>Appuntamenti di toelettatura<\/li>\n<li>Socializzazione con altri animali domestici<\/li>\n<\/ul>\n<p>Alcune attivit&agrave; devono essere svolte per forza all&#8217;esterno, mentre per altre il pet sitter dovr&agrave; necessariamente recarsi a casa tua. In questo caso, il pet sitter pu&ograve; anche svolgere altre mansioni per occuparsi della tua casa mentre sei via. Se sei assente per un periodo prolungato di tempo lascia una lista di tutte le cose che il pet sitter deve controllare\/fare per te, come ad esempio:   <\/p>\n<ul>\n<li>Controllare la posta e ritirare pacchi <\/li>\n<li>Arieggiare la casa<\/li>\n<li>Controllare i contatori<\/li>\n<li>Dar da bere alle piante<\/li>\n<\/ul>\n<p>Un pet sitter pu&ograve; quindi essere un valido appoggio quando sei via per periodi prolungati, andando al di l&agrave; della cura del vostro animale domestico. Ovviamente eventuali mansioni extra vanno concordate in anticipo: non tutti potrebbero sentirsi a proprio agio e dovrete valutare di potervi effettivamente fidare della persona in questione. <\/p>\n<\/p>\n<h2><strong>Perch&eacute; avere un pet sitter?<\/strong><\/h2>\n<\/p>\n<p>Avere un animale domestico &egrave; sicuramente un grande impegno, e spesso non &egrave; possibile dargli tutte le attenzioni e la cura di cui ha bisogno, perch&eacute; si &egrave; impegnati con il lavoro e la vita quotidiana in generale. Un pet sitter ti pu&ograve; dare una mano ad assicurarti che il tuo animale domestico stia bene e e sia felice, e che anche se non riuscite a passare il tempo assieme in un determinato momento, qualcuno si prender&agrave; cura di lui\/lei.  <\/p>\n<p>Cani, gatti, conigli e tutti gli altri animali domestici necessitano di molta cura, e spesso in base alle loro condizioni di salute e\/o la loro razza &egrave; necessario dargli determinate medicine con precisione, o fare fare molto movimento per mantenerli in forma. Un pet sitter pu&ograve; aiutarti a fornire al tuo animale domestico tutto ci&ograve; di cui ha bisogno  in modo che tu possa vivere il rapporto con il tuo amico a quattro zampe in modo sereno e senza particolare stress. <\/p>\n<\/p>\n<h2><strong>Tipi di pet sitter<\/strong><\/h2>\n<\/p>\n<p>I tipi di pet sitter pi&ugrave; popolari sono: <\/p>\n<p><strong>Pet sitter per passeggiate: <\/strong>I pet sitter che si occupano di passeggiate possono aiutarvi in qualsiasi momento della giornata e non dovete necessariamente essere fuori di casa! Pu&ograve; infatti che tu stia lavorando da casa o malato, o ancora che non abbia tempo per portare fuori a passeggio il tuo cane. Per i cani &egrave; molto importante avere una routine regolare, quindi anche se sei sempre a casa, un pet sitter che viene regolarmente pu&ograve; assicurarsi che il tuo cane faccia sufficiente movimento e passeggiate, migliorando la sua salute. <\/p>\n<p><strong>Pet sitter per le vacanze: <\/strong>Se vai in vacanza o in un viaggio di lavoro, pu&ograve; essere molto costoso lasciare il tuo animale domestico in una pensione, e magari non vuoi disturbare i tuoi amici perch&eacute; si occupino del tuo amico a quattro zampe. Un pet sitter pu&ograve; rendere tutto pi&ugrave; semplice portando l&#8217;animale a casa sua o andandolo a trovare regolarmente per assicurarsi che abbia cibo e acqua e che faccia almeno una passeggiata al giorno. In questo modo, il pet sitter pu&ograve; anche controllare che tutto vada bene a casa tua e ricevere la posta o controllare il contatore dell&#8217;elettricit&agrave;, arieggiando la casa nel frattempo. <\/p>\n<p><strong>Pet sitter occasionali: <\/strong>Specialmente se hai da poco un animale domestico o al contrario inizia ad avere una certa et&agrave;, probabilmente non potr&agrave; rimanere da solo per pi&ugrave; di una mezz&#8217;ora.  Un pet sitter pu&ograve; controllare una o pi&ugrave; volte al giorno che il tuo anziano amico a quattro zampe stia bene durante la giornata, o dare un&#8217;occhiata al tuo cucciolo perch&eacute; non combini guai se lasciato solo per pi&ugrave; di 5 minuti. Un pet sitter pu&ograve; occuparsi di tutto ci&ograve; ogni volta che ne hai bisogno, per fare compagnia al tuo animale domestico e assicurarsi che stia bene.  <\/p>\n<\/p>\n<h2><strong>Quanto costa un pet sitter?<\/strong><\/h2>\n<\/p>\n<p>Il prezzo di un pet sitter dipende dalle mansioni che dovr&agrave; svolgere, il tipo di animale domestico di cui si devono occupare, quanti animali hai e molto altro. In Italia, in media, la tariffa oraria dei pet sitter va dai 6 ai 12&euro; all&#8217;ora, ma normalmente &egrave; possibile concordare un prezzo pi&ugrave; conveniente se si tratta di una custodia pi&ugrave; lunga. <\/p>\n<\/p>\n<h2><strong>Come trovare un pet sitter?<\/strong><\/h2>\n<\/p>\n<p>Pu&ograve; essere difficile sapere da dove iniziare, perch&eacute; affidare i nostri amici animali ad un&#8217;altra persona &egrave; una grossa responsabilit&agrave; e non tutti gli animali domestici si fidano di altre persone. Puoi per&ograve; trovare tantissimi pet sitter per qualsiasi esigenza su <a href=\"https:\/\/yoopies.it\/pet-sitting\">Yoopies<\/a>.<\/p>\n<p>Il grande vantaggio della piattaforma &egrave; che gi&agrave; solo creando il tuo profilo potrai effettuare ricerche nella tua zona e consultare i profili dei candidati disponibili, che sono centinaia e centinaia sparsi per tutta Italia. Per una ricerca ancora pi&ugrave; efficace, puoi creare un annuncio specificando il tipo di pet sitter che hai bisogno e presentando brevemente il tuo animale domestico. Cos&igrave; sarai tu ad essere contattato dai candidati. Quando effettui le tue ricerche, puoi sfruttare moltissimi filtri di ricerca in base alle tue necessit&agrave; e preferenze, visualizzando solamente i profili che rispecchiano i tuoi requisiti. <\/p>\n<p>Se alla fine della tua ricerca vuoi sapere se hai trovato il pet sitter che fa al caso tuo ecco la nostra guida: &#8220;<a href=\"https:\/\/blog.yoopies.it\/famiglie-articoli\/articoli-pet-sitting\/dog-sitter-ideale\">Ho scelto il dog sitter giusto?<\/a><strong>&#8220;<\/strong><\/p>\n<\/p>\n<h2><strong>Consigli per trovare un pet sitter<\/strong><\/h2>\n<\/p>\n<p><strong>Spiega i tuoi requisiti: <\/strong>Crea un annuncio chiaro e dettagliato, elencando quali sono le tue aspettative e i compiti che dovr&agrave; svolgere il tuo candidato ideale. Chi si candida deve sapere cosa gli viene chiesto in anticipo, in modo da riuscire a capire se la posizione fa per loro o no. Durante un eventuale colloquio, insisti nuovamente sui requisiti per verificare che il tuo futuro pet sitter abbia capito bene che cosa gli viene richiesto. <\/p>\n<p><strong>Considera la personalit&agrave;, oltre all&#8217;esperienza: <\/strong>Gli animali possono essere imprevedibili, e a volte per un motivo o per l&#8217;altro possono dimostrarsi aggressivi o pi&ugrave; affettuosi a seconda della persona che hanno davanti. &Egrave; sempre meglio fare una prova per vedere come il tuo animale domestico interagisce con il potenziale pet sitter, per assicurarti che instaurino un buon rapporto e che si senta a suo agio con il suo nuovo compagno di giochi quando non ci sei. <\/p>\n<p><strong>Chiedi delle referenze: <\/strong>Come per qualsiasi altro lavoro, se il pet sitter dichiara di avere gi&agrave; esperienza nel ruolo, chiedi i contatti dei suoi datori di lavoro precedenti per controllare che abbiano fatto un buon lavoro. Se invece si tratta di qualcuno alle prime armi che non ha molta esperienza alle spalle, puoi comunque chiedere il contatto di un precedente lavoro in un altro ambito, per avere delucidazioni sul suo carattere in generale e sulla sua seriet&agrave;. <\/p>\n<p>Scopri le nostre guide dal mondo del pet-sitting:<\/p>\n<ul>\n<li><a href=\"https:\/\/blog.yoopies.it\/famiglie-articoli\/articoli-pet-sitting\/sitter-per-tutti-i-cuccioli\">Sitter per i tuoi cuccioli! Intervista ad Agnese da Roma<\/a><\/li>\n<li><a href=\"https:\/\/blog.yoopies.it\/famiglie-articoli\/articoli-pet-sitting\/il-boom-del-pet-sitting\">Il boom del pet sitting: una nuova necessit&agrave; per le famiglie<\/a><\/li>\n<\/ul>\n<p><a class=\"button\" href=\"https:\/\/yoopies.it\/pet-sitting\">Trova subito il tuo pet sitter!<\/a><\/p>\n","protected":false},"excerpt":{"rendered":"<p>Cerchi lavoro come Pet sitter? Non perderti la nostra guida pensata per aiutarti a trovare &hellip; <\/p>\n","protected":false},"author":10,"featured_media":62,"parent":0,"menu_order":0,"comment_status":"closed","ping_status":"closed","template":"","meta":{"_acf_changed":false,"footnotes":""},"class_list":["post-60","page","type-page","status-publish","has-post-thumbnail","hentry"],"acf":[],"yoast_head":"<!-- This site is optimized with the Yoast SEO plugin v26.9 - https:\/\/yoast.com\/product\/yoast-seo-wordpress\/ -->\n<title>Cos&#039;\u00e8 un pet sitter?<\/title>\n<meta name=\"description\" content=\"Cos&#039;\u00e8 un pet sitter e perch\u00e9 ne hai bisogno? Cosa fa un pet sitter? Che tipi di pet sitter esistono? Questa guida completa risponder\u00e0 a tutte le tue domande sul ruolo e i compiti di un pet sitter.\" \/>\n<meta name=\"robots\" content=\"index, follow, max-snippet:-1, max-image-preview:large, max-video-preview:-1\" \/>\n<link rel=\"canonical\" href=\"https:\/\/yoopies.it\/c\/cosa-e-pet-sitter\/\" \/>\n<meta property=\"og:locale\" content=\"it_IT\" \/>\n<meta property=\"og:type\" content=\"article\" \/>\n<meta property=\"og:title\" content=\"Cos&#039;\u00e8 un pet sitter?\" \/>\n<meta property=\"og:description\" content=\"Cos&#039;\u00e8 un pet sitter e perch\u00e9 ne hai bisogno? Cosa fa un pet sitter? Che tipi di pet sitter esistono? Questa guida completa risponder\u00e0 a tutte le tue domande sul ruolo e i compiti di un pet sitter.\" \/>\n<meta property=\"og:url\" content=\"https:\/\/yoopies.it\/c\/cosa-e-pet-sitter\/\" \/>\n<meta property=\"og:site_name\" content=\"Yoopies Italia\" \/>\n<meta property=\"article:modified_time\" content=\"2025-06-12T08:41:03+00:00\" \/>\n<meta property=\"og:image\" content=\"https:\/\/yoopies.it\/c\/wp-content\/uploads\/sites\/3\/2022\/06\/0132054c-10bf-44db-aad7-f1550da745ef-prismicarticlesgraphics28229.jpg\" \/>\n\t<meta property=\"og:image:width\" content=\"1200\" \/>\n\t<meta property=\"og:image:height\" content=\"852\" \/>\n\t<meta property=\"og:image:type\" content=\"image\/jpeg\" \/>\n<meta name=\"twitter:card\" content=\"summary_large_image\" \/>\n<meta name=\"twitter:label1\" content=\"Tempo di lettura stimato\" \/>\n\t<meta name=\"twitter:data1\" content=\"7 minuti\" \/>\n<script type=\"application\/ld+json\" class=\"yoast-schema-graph\">{\"@context\":\"https:\/\/schema.org\",\"@graph\":[{\"@type\":\"WebPage\",\"@id\":\"https:\/\/yoopies.it\/c\/cosa-e-pet-sitter\/\",\"url\":\"https:\/\/yoopies.it\/c\/cosa-e-pet-sitter\/\",\"name\":\"Cos'\u00e8 un pet sitter?\",\"isPartOf\":{\"@id\":\"https:\/\/yoopies.it\/c\/#website\"},\"primaryImageOfPage\":{\"@id\":\"https:\/\/yoopies.it\/c\/cosa-e-pet-sitter\/#primaryimage\"},\"image\":{\"@id\":\"https:\/\/yoopies.it\/c\/cosa-e-pet-sitter\/#primaryimage\"},\"thumbnailUrl\":\"https:\/\/yoopies.it\/c\/wp-content\/uploads\/sites\/3\/2022\/06\/0132054c-10bf-44db-aad7-f1550da745ef-prismicarticlesgraphics28229.jpg\",\"datePublished\":\"2022-06-27T13:53:35+00:00\",\"dateModified\":\"2025-06-12T08:41:03+00:00\",\"description\":\"Cos'\u00e8 un pet sitter e perch\u00e9 ne hai bisogno? Cosa fa un pet sitter? Che tipi di pet sitter esistono? Questa guida completa risponder\u00e0 a tutte le tue domande sul ruolo e i compiti di un pet sitter.\",\"breadcrumb\":{\"@id\":\"https:\/\/yoopies.it\/c\/cosa-e-pet-sitter\/#breadcrumb\"},\"inLanguage\":\"it-IT\",\"potentialAction\":[{\"@type\":\"ReadAction\",\"target\":[\"https:\/\/yoopies.it\/c\/cosa-e-pet-sitter\/\"]}]},{\"@type\":\"ImageObject\",\"inLanguage\":\"it-IT\",\"@id\":\"https:\/\/yoopies.it\/c\/cosa-e-pet-sitter\/#primaryimage\",\"url\":\"https:\/\/yoopies.it\/c\/wp-content\/uploads\/sites\/3\/2022\/06\/0132054c-10bf-44db-aad7-f1550da745ef-prismicarticlesgraphics28229.jpg\",\"contentUrl\":\"https:\/\/yoopies.it\/c\/wp-content\/uploads\/sites\/3\/2022\/06\/0132054c-10bf-44db-aad7-f1550da745ef-prismicarticlesgraphics28229.jpg\",\"width\":1200,\"height\":852},{\"@type\":\"BreadcrumbList\",\"@id\":\"https:\/\/yoopies.it\/c\/cosa-e-pet-sitter\/#breadcrumb\",\"itemListElement\":[{\"@type\":\"ListItem\",\"position\":1,\"name\":\"Home\",\"item\":\"https:\/\/yoopies.it\/c\/\"},{\"@type\":\"ListItem\",\"position\":2,\"name\":\"Pet sitter: la guida definitiva\"}]},{\"@type\":\"WebSite\",\"@id\":\"https:\/\/yoopies.it\/c\/#website\",\"url\":\"https:\/\/yoopies.it\/c\/\",\"name\":\"Yoopies Italia\",\"description\":\"\",\"publisher\":{\"@id\":\"https:\/\/yoopies.it\/c\/#organization\"},\"potentialAction\":[{\"@type\":\"SearchAction\",\"target\":{\"@type\":\"EntryPoint\",\"urlTemplate\":\"https:\/\/yoopies.it\/c\/?s={search_term_string}\"},\"query-input\":{\"@type\":\"PropertyValueSpecification\",\"valueRequired\":true,\"valueName\":\"search_term_string\"}}],\"inLanguage\":\"it-IT\"},{\"@type\":\"Organization\",\"@id\":\"https:\/\/yoopies.it\/c\/#organization\",\"name\":\"Yoopies Italia\",\"url\":\"https:\/\/yoopies.it\/c\/\",\"logo\":{\"@type\":\"ImageObject\",\"inLanguage\":\"it-IT\",\"@id\":\"https:\/\/yoopies.it\/c\/#\/schema\/logo\/image\/\",\"url\":\"https:\/\/yoopies.it\/c\/wp-content\/uploads\/sites\/3\/2025\/06\/cropped-Logo_Yoopies-2.png\",\"contentUrl\":\"https:\/\/yoopies.it\/c\/wp-content\/uploads\/sites\/3\/2025\/06\/cropped-Logo_Yoopies-2.png\",\"width\":512,\"height\":512,\"caption\":\"Yoopies Italia\"},\"image\":{\"@id\":\"https:\/\/yoopies.it\/c\/#\/schema\/logo\/image\/\"}}]}<\/script>\n<!-- \/ Yoast SEO plugin. -->","yoast_head_json":{"title":"Cos'\u00e8 un pet sitter?","description":"Cos'\u00e8 un pet sitter e perch\u00e9 ne hai bisogno? Cosa fa un pet sitter? Che tipi di pet sitter esistono? Questa guida completa risponder\u00e0 a tutte le tue domande sul ruolo e i compiti di un pet sitter.","robots":{"index":"index","follow":"follow","max-snippet":"max-snippet:-1","max-image-preview":"max-image-preview:large","max-video-preview":"max-video-preview:-1"},"canonical":"https:\/\/yoopies.it\/c\/cosa-e-pet-sitter\/","og_locale":"it_IT","og_type":"article","og_title":"Cos'\u00e8 un pet sitter?","og_description":"Cos'\u00e8 un pet sitter e perch\u00e9 ne hai bisogno? Cosa fa un pet sitter? Che tipi di pet sitter esistono? Questa guida completa risponder\u00e0 a tutte le tue domande sul ruolo e i compiti di un pet sitter.","og_url":"https:\/\/yoopies.it\/c\/cosa-e-pet-sitter\/","og_site_name":"Yoopies Italia","article_modified_time":"2025-06-12T08:41:03+00:00","og_image":[{"width":1200,"height":852,"url":"https:\/\/yoopies.it\/c\/wp-content\/uploads\/sites\/3\/2022\/06\/0132054c-10bf-44db-aad7-f1550da745ef-prismicarticlesgraphics28229.jpg","type":"image\/jpeg"}],"twitter_card":"summary_large_image","twitter_misc":{"Tempo di lettura stimato":"7 minuti"},"schema":{"@context":"https:\/\/schema.org","@graph":[{"@type":"WebPage","@id":"https:\/\/yoopies.it\/c\/cosa-e-pet-sitter\/","url":"https:\/\/yoopies.it\/c\/cosa-e-pet-sitter\/","name":"Cos'\u00e8 un pet sitter?","isPartOf":{"@id":"https:\/\/yoopies.it\/c\/#website"},"primaryImageOfPage":{"@id":"https:\/\/yoopies.it\/c\/cosa-e-pet-sitter\/#primaryimage"},"image":{"@id":"https:\/\/yoopies.it\/c\/cosa-e-pet-sitter\/#primaryimage"},"thumbnailUrl":"https:\/\/yoopies.it\/c\/wp-content\/uploads\/sites\/3\/2022\/06\/0132054c-10bf-44db-aad7-f1550da745ef-prismicarticlesgraphics28229.jpg","datePublished":"2022-06-27T13:53:35+00:00","dateModified":"2025-06-12T08:41:03+00:00","description":"Cos'\u00e8 un pet sitter e perch\u00e9 ne hai bisogno? Cosa fa un pet sitter? Che tipi di pet sitter esistono? Questa guida completa risponder\u00e0 a tutte le tue domande sul ruolo e i compiti di un pet sitter.","breadcrumb":{"@id":"https:\/\/yoopies.it\/c\/cosa-e-pet-sitter\/#breadcrumb"},"inLanguage":"it-IT","potentialAction":[{"@type":"ReadAction","target":["https:\/\/yoopies.it\/c\/cosa-e-pet-sitter\/"]}]},{"@type":"ImageObject","inLanguage":"it-IT","@id":"https:\/\/yoopies.it\/c\/cosa-e-pet-sitter\/#primaryimage","url":"https:\/\/yoopies.it\/c\/wp-content\/uploads\/sites\/3\/2022\/06\/0132054c-10bf-44db-aad7-f1550da745ef-prismicarticlesgraphics28229.jpg","contentUrl":"https:\/\/yoopies.it\/c\/wp-content\/uploads\/sites\/3\/2022\/06\/0132054c-10bf-44db-aad7-f1550da745ef-prismicarticlesgraphics28229.jpg","width":1200,"height":852},{"@type":"BreadcrumbList","@id":"https:\/\/yoopies.it\/c\/cosa-e-pet-sitter\/#breadcrumb","itemListElement":[{"@type":"ListItem","position":1,"name":"Home","item":"https:\/\/yoopies.it\/c\/"},{"@type":"ListItem","position":2,"name":"Pet sitter: la guida definitiva"}]},{"@type":"WebSite","@id":"https:\/\/yoopies.it\/c\/#website","url":"https:\/\/yoopies.it\/c\/","name":"Yoopies Italia","description":"","publisher":{"@id":"https:\/\/yoopies.it\/c\/#organization"},"potentialAction":[{"@type":"SearchAction","target":{"@type":"EntryPoint","urlTemplate":"https:\/\/yoopies.it\/c\/?s={search_term_string}"},"query-input":{"@type":"PropertyValueSpecification","valueRequired":true,"valueName":"search_term_string"}}],"inLanguage":"it-IT"},{"@type":"Organization","@id":"https:\/\/yoopies.it\/c\/#organization","name":"Yoopies Italia","url":"https:\/\/yoopies.it\/c\/","logo":{"@type":"ImageObject","inLanguage":"it-IT","@id":"https:\/\/yoopies.it\/c\/#\/schema\/logo\/image\/","url":"https:\/\/yoopies.it\/c\/wp-content\/uploads\/sites\/3\/2025\/06\/cropped-Logo_Yoopies-2.png","contentUrl":"https:\/\/yoopies.it\/c\/wp-content\/uploads\/sites\/3\/2025\/06\/cropped-Logo_Yoopies-2.png","width":512,"height":512,"caption":"Yoopies Italia"},"image":{"@id":"https:\/\/yoopies.it\/c\/#\/schema\/logo\/image\/"}}]}},"_links":{"self":[{"href":"https:\/\/yoopies.it\/c\/wp-json\/wp\/v2\/pages\/60","targetHints":{"allow":["GET"]}}],"collection":[{"href":"https:\/\/yoopies.it\/c\/wp-json\/wp\/v2\/pages"}],"about":[{"href":"https:\/\/yoopies.it\/c\/wp-json\/wp\/v2\/types\/page"}],"author":[{"embeddable":true,"href":"https:\/\/yoopies.it\/c\/wp-json\/wp\/v2\/users\/10"}],"replies":[{"embeddable":true,"href":"https:\/\/yoopies.it\/c\/wp-json\/wp\/v2\/comments?post=60"}],"version-history":[{"count":1,"href":"https:\/\/yoopies.it\/c\/wp-json\/wp\/v2\/pages\/60\/revisions"}],"predecessor-version":[{"id":63,"href":"https:\/\/yoopies.it\/c\/wp-json\/wp\/v2\/pages\/60\/revisions\/63"}],"wp:featuredmedia":[{"embeddable":true,"href":"https:\/\/yoopies.it\/c\/wp-json\/wp\/v2\/media\/62"}],"wp:attachment":[{"href":"https:\/\/yoopies.it\/c\/wp-json\/wp\/v2\/media?parent=60"}],"curies":[{"name":"wp","href":"https:\/\/api.w.org\/{rel}","templated":true}]}}